{"id":243,"date":"2024-07-10T17:51:24","date_gmt":"2024-07-10T17:51:24","guid":{"rendered":"http:\/\/domus\/?page_id=243"},"modified":"2024-10-11T22:39:17","modified_gmt":"2024-10-11T22:39:17","slug":"historico","status":"publish","type":"page","link":"https:\/\/domus.pucpr.br\/en\/historico\/","title":{"rendered":"Hist\u00f3rico"},"content":{"rendered":"<div data-elementor-type=\"wp-page\" data-elementor-id=\"243\" class=\"elementor elementor-243\" data-elementor-post-type=\"page\">\n\t\t\t\t<div class=\"elementor-element elementor-element-1cd32a6 e-con-full e-flex e-con e-parent\" data-id=\"1cd32a6\" data-element_type=\"container\">\n\t\t\t\t<div class=\"elementor-element elementor-element-4d3623a elementor--h-position-center elementor--v-position-middle elementor-arrows-position-inside elementor-pagination-position-inside elementor-widget elementor-widget-slides\" data-id=\"4d3623a\" data-element_type=\"widget\" data-settings=\"{&quot;navigation&quot;:&quot;both&quot;,&quot;autoplay&quot;:&quot;yes&quot;,&quot;pause_on_hover&quot;:&quot;yes&quot;,&quot;pause_on_interaction&quot;:&quot;yes&quot;,&quot;autoplay_speed&quot;:5000,&quot;infinite&quot;:&quot;yes&quot;,&quot;transition&quot;:&quot;slide&quot;,&quot;transition_speed&quot;:500}\" data-widget_type=\"slides.default\">\n\t\t\t\t<div class=\"elementor-widget-container\">\n\t\t\t\t\t<div class=\"elementor-swiper\">\n\t\t\t<div class=\"elementor-slides-wrapper elementor-main-swiper swiper\" dir=\"ltr\" data-animation=\"fadeInUp\">\n\t\t\t\t<div class=\"swiper-wrapper elementor-slides\">\n\t\t\t\t\t\t\t\t\t\t<div class=\"elementor-repeater-item-49dc143 swiper-slide\"><div class=\"swiper-slide-bg\" role=\"img\"><\/div><div class=\"elementor-background-overlay\"><\/div><div class=\"swiper-slide-inner\" ><div class=\"swiper-slide-contents\"><div class=\"elementor-slide-heading\">HIST\u00d3RICO<\/div><\/div><\/div><\/div>\t\t\t\t<\/div>\n\t\t\t\t\t\t\t<\/div>\n\t\t<\/div>\n\t\t\t\t<\/div>\n\t\t\t\t<\/div>\n\t\t\t\t<div class=\"elementor-element elementor-element-9bc1ffa elementor-widget elementor-widget-spacer\" data-id=\"9bc1ffa\" data-element_type=\"widget\" data-widget_type=\"spacer.default\">\n\t\t\t\t<div class=\"elementor-widget-container\">\n\t\t\t\t\t<div class=\"elementor-spacer\">\n\t\t\t<div class=\"elementor-spacer-inner\"><\/div>\n\t\t<\/div>\n\t\t\t\t<\/div>\n\t\t\t\t<\/div>\n\t\t\t\t<\/div>\n\t\t<div class=\"elementor-element elementor-element-daaf7ba e-flex e-con-boxed e-con e-parent\" data-id=\"daaf7ba\" data-element_type=\"container\">\n\t\t\t\t\t<div class=\"e-con-inner\">\n\t\t\t\t<div class=\"elementor-element elementor-element-d5d33c1 elementor-widget elementor-widget-heading\" data-id=\"d5d33c1\" data-element_type=\"widget\" data-widget_type=\"heading.default\">\n\t\t\t\t<div class=\"elementor-widget-container\">\n\t\t\t<h2 class=\"elementor-heading-title elementor-size-default\">Software DOMUS<\/h2>\t\t<\/div>\n\t\t\t\t<\/div>\n\t\t\t\t<div class=\"elementor-element elementor-element-4a611d6 elementor-widget elementor-widget-text-editor\" data-id=\"4a611d6\" data-element_type=\"widget\" data-widget_type=\"text-editor.default\">\n\t\t\t\t<div class=\"elementor-widget-container\">\n\t\t\t\t\t\t\t<p dir=\"ltr\">O grande avan\u00e7o na produ\u00e7\u00e3o de software de simula\u00e7\u00e3o energ\u00e9tica de edifica\u00e7\u00f5es na Europa e nos EUA a partir dos 1970s \u2013 influenciado pela abrupta eleva\u00e7\u00e3o dos pre\u00e7os do petr\u00f3leo \u2013, sofreu entraves \u00e0 dissemina\u00e7\u00e3o de seu uso no Brasil. Pode-se citar, entre eles, a escassez de interfaces gr\u00e1ficas de f\u00e1cil utiliza\u00e7\u00e3o e com terminologia em portugu\u00eas. H\u00e1 ainda a quest\u00e3o t\u00e9cnica: a baixa capacidade de adapta\u00e7\u00e3o desses programas de simula\u00e7\u00e3o \u00e0 realidade brasileira &#8211; em termos de climas, base de dados e de topologias de constru\u00e7\u00f5es locais -, que dificultam sua difus\u00e3o por meio de programas estrangeiros.<\/p><p dir=\"ltr\">Neste contexto, Mendes (1997), durante seu doutoramento em colabora\u00e7\u00e3o com a UFSC e o Grupo de Pesquisa em Simula\u00e7\u00e3o do Lawrence Berkeley National Laboratory (LBNL), EUA, criou modelos matem\u00e1ticos para estimar propriedades higrot\u00e9rmicas dos materiais e predizer a transfer\u00eancia de calor e de umidade atrav\u00e9s de envolt\u00f3rios porosos de edifica\u00e7\u00f5es, al\u00e9m de elaborar a vers\u00e3o para DOS do programa UMIDUS (MENDES et al., 1996; MENDES, 1997). Em 1998, um espa\u00e7o destinado ao estudo num\u00e9rico-experimental de sistemas de refrigera\u00e7\u00e3o, condicionamento de ar e pesquisa em simula\u00e7\u00e3o higrot\u00e9rmica e energ\u00e9tica de edifica\u00e7\u00f5es, chamado Laborat\u00f3rio de Sistemas T\u00e9rmicos (LST\/PUCPR, www.pucpr.br\/lst), foi estabelecido na Pontif\u00edcia Universidade Cat\u00f3lica do Paran\u00e1 (PUCPR), onde foi desenvolvido, em coopera\u00e7\u00e3o com o LabEEE\/UFSC, o software UMIDUS 2.0 para Windows (MENDES et al., 1999), que era o \u00fanico programa brasileiro no diret\u00f3rio de programas organizado pelo departamento de energia americano \u2013 DOE.<\/p><p dir=\"ltr\">Como continuidade ao trabalho \u2013 iniciado em 1993 por Mendes (1997), quanto \u00e0 progress\u00e3o do c\u00f3digo UMIDUS, deu-se in\u00edcio ao programa Domus em 1998, sendo voltado \u00e0 simula\u00e7\u00e3o higrot\u00e9rmica e energ\u00e9tica de edifica\u00e7\u00f5es, o qual tinha \u00e0 \u00e9poca, como enfoque principal, o desenvolvimento de um modelo matem\u00e1tico e de uma interface apropriada para investiga\u00e7\u00e3o de alternativas de estrat\u00e9gias de resfriamento passivo e de efeitos da umidade no desempenho de uma edifica\u00e7\u00e3o, aproveitando-se as caracter\u00edsticas do programa UMIDUS, e em raz\u00e3o da falta de programas de r\u00e1pida aprendizagem para simula\u00e7\u00e3o de estrat\u00e9gias passivas e do anseio, desde o curso de gradua\u00e7\u00e3o de Mendes em 1990, de melhorar o ensino de disciplinas na \u00e1rea de climatiza\u00e7\u00e3o e de conforto de ambientes em cursos de engenharia e de arquitetura.<\/p>\t\t\t\t\t\t<\/div>\n\t\t\t\t<\/div>\n\t\t\t\t\t<\/div>\n\t\t\t\t<\/div>\n\t\t<div class=\"elementor-element elementor-element-93b4adc e-flex e-con-boxed e-con e-parent\" data-id=\"93b4adc\" data-element_type=\"container\">\n\t\t\t\t\t<div class=\"e-con-inner\">\n\t\t<div class=\"elementor-element elementor-element-2fa79cf e-con-full e-flex e-con e-child\" data-id=\"2fa79cf\" data-element_type=\"container\">\n\t\t\t\t<div class=\"elementor-element elementor-element-8373060 elementor-position-top elementor-widget elementor-widget-image-box\" data-id=\"8373060\" data-element_type=\"widget\" data-widget_type=\"image-box.default\">\n\t\t\t\t<div class=\"elementor-widget-container\">\n\t\t\t<div class=\"elementor-image-box-wrapper\"><figure class=\"elementor-image-box-img\"><img fetchpriority=\"high\" decoding=\"async\" width=\"1594\" height=\"1183\" src=\"https:\/\/domus.pucpr.br\/wp-content\/uploads\/2024\/10\/Umidus.png\" class=\"attachment-full size-full wp-image-911\" alt=\"\" \/><\/figure><div class=\"elementor-image-box-content\"><h3 class=\"elementor-image-box-title\">A) Interface Gr\u00e1fica UMIDUS<\/h3><\/div><\/div>\t\t<\/div>\n\t\t\t\t<\/div>\n\t\t\t\t<\/div>\n\t\t<div class=\"elementor-element elementor-element-c91b2ce e-con-full e-flex e-con e-child\" data-id=\"c91b2ce\" data-element_type=\"container\">\n\t\t\t\t<div class=\"elementor-element elementor-element-7629567 elementor-position-top elementor-widget elementor-widget-image-box\" data-id=\"7629567\" data-element_type=\"widget\" data-widget_type=\"image-box.default\">\n\t\t\t\t<div class=\"elementor-widget-container\">\n\t\t\t<div class=\"elementor-image-box-wrapper\"><figure class=\"elementor-image-box-img\"><img decoding=\"async\" width=\"1941\" height=\"1162\" src=\"https:\/\/domus.pucpr.br\/wp-content\/uploads\/2024\/10\/Umidus2.png\" class=\"attachment-full size-full wp-image-912\" alt=\"\" \/><\/figure><div class=\"elementor-image-box-content\"><h3 class=\"elementor-image-box-title\">B) UMIDUS como o \u00fanico programa brasileiro no diret\u00f3rio de programas organizado pelo departamento de energia americano \u2013 DOE<\/h3><\/div><\/div>\t\t<\/div>\n\t\t\t\t<\/div>\n\t\t\t\t<\/div>\n\t\t\t\t\t<\/div>\n\t\t\t\t<\/div>\n\t\t<div class=\"elementor-element elementor-element-6b08a31 e-flex e-con-boxed e-con e-parent\" data-id=\"6b08a31\" data-element_type=\"container\">\n\t\t\t\t\t<div class=\"e-con-inner\">\n\t\t\t\t<div class=\"elementor-element elementor-element-c21ec61 elementor-widget elementor-widget-text-editor\" data-id=\"c21ec61\" data-element_type=\"widget\" data-widget_type=\"text-editor.default\">\n\t\t\t\t<div class=\"elementor-widget-container\">\n\t\t\t\t\t\t\t<p dir=\"ltr\">Fig. 1: UMIDUS (1999) &#8211; Software for predicting heat and moisture transfer through porous building elements<\/p>\t\t\t\t\t\t<\/div>\n\t\t\t\t<\/div>\n\t\t\t\t<div class=\"elementor-element elementor-element-6118b1e elementor-widget elementor-widget-spacer\" data-id=\"6118b1e\" data-element_type=\"widget\" data-widget_type=\"spacer.default\">\n\t\t\t\t<div class=\"elementor-widget-container\">\n\t\t\t\t\t<div class=\"elementor-spacer\">\n\t\t\t<div class=\"elementor-spacer-inner\"><\/div>\n\t\t<\/div>\n\t\t\t\t<\/div>\n\t\t\t\t<\/div>\n\t\t\t\t\t<\/div>\n\t\t\t\t<\/div>\n\t\t<div class=\"elementor-element elementor-element-a3659f8 e-flex e-con-boxed e-con e-parent\" data-id=\"a3659f8\" data-element_type=\"container\">\n\t\t\t\t\t<div class=\"e-con-inner\">\n\t\t<div class=\"elementor-element elementor-element-9922366 e-con-full e-flex e-con e-child\" data-id=\"9922366\" data-element_type=\"container\">\n\t\t\t\t<div class=\"elementor-element elementor-element-8ec0425 elementor-position-top elementor-widget elementor-widget-image-box\" data-id=\"8ec0425\" data-element_type=\"widget\" data-widget_type=\"image-box.default\">\n\t\t\t\t<div class=\"elementor-widget-container\">\n\t\t\t<div class=\"elementor-image-box-wrapper\"><figure class=\"elementor-image-box-img\"><img decoding=\"async\" width=\"1506\" height=\"1339\" src=\"https:\/\/domus.pucpr.br\/wp-content\/uploads\/2024\/10\/Domus.png\" class=\"attachment-full size-full wp-image-897\" alt=\"\" \/><\/figure><div class=\"elementor-image-box-content\"><h3 class=\"elementor-image-box-title\">a) Modelagem de um edif\u00edcio multipavimentos no DOMUS<\/h3><\/div><\/div>\t\t<\/div>\n\t\t\t\t<\/div>\n\t\t\t\t<\/div>\n\t\t<div class=\"elementor-element elementor-element-9886d14 e-con-full e-flex e-con e-child\" data-id=\"9886d14\" data-element_type=\"container\">\n\t\t\t\t<div class=\"elementor-element elementor-element-2e4246f elementor-position-top elementor-widget elementor-widget-image-box\" data-id=\"2e4246f\" data-element_type=\"widget\" data-widget_type=\"image-box.default\">\n\t\t\t\t<div class=\"elementor-widget-container\">\n\t\t\t<div class=\"elementor-image-box-wrapper\"><figure class=\"elementor-image-box-img\"><img loading=\"lazy\" decoding=\"async\" width=\"1867\" height=\"1314\" src=\"https:\/\/domus.pucpr.br\/wp-content\/uploads\/2024\/10\/Domus2.png\" class=\"attachment-full size-full wp-image-898\" alt=\"\" \/><\/figure><div class=\"elementor-image-box-content\"><h3 class=\"elementor-image-box-title\">b) Modelagem de uma resid\u00eancia no DOMUS<\/h3><\/div><\/div>\t\t<\/div>\n\t\t\t\t<\/div>\n\t\t\t\t<\/div>\n\t\t\t\t\t<\/div>\n\t\t\t\t<\/div>\n\t\t<div class=\"elementor-element elementor-element-0e6fc50 e-flex e-con-boxed e-con e-parent\" data-id=\"0e6fc50\" data-element_type=\"container\">\n\t\t\t\t\t<div class=\"e-con-inner\">\n\t\t<div class=\"elementor-element elementor-element-0440bb2 e-con-full e-flex e-con e-child\" data-id=\"0440bb2\" data-element_type=\"container\">\n\t\t\t\t<div class=\"elementor-element elementor-element-f26c416 elementor-widget elementor-widget-text-editor\" data-id=\"f26c416\" data-element_type=\"widget\" data-widget_type=\"text-editor.default\">\n\t\t\t\t<div class=\"elementor-widget-container\">\n\t\t\t\t\t\t\t<p dir=\"ltr\">Fig. 2: Interface gr\u00e1fica do DOMUS (1999)\u00a0<\/p>\t\t\t\t\t\t<\/div>\n\t\t\t\t<\/div>\n\t\t\t\t<div class=\"elementor-element elementor-element-13a7e04 elementor-widget elementor-widget-spacer\" data-id=\"13a7e04\" data-element_type=\"widget\" data-widget_type=\"spacer.default\">\n\t\t\t\t<div class=\"elementor-widget-container\">\n\t\t\t\t\t<div class=\"elementor-spacer\">\n\t\t\t<div class=\"elementor-spacer-inner\"><\/div>\n\t\t<\/div>\n\t\t\t\t<\/div>\n\t\t\t\t<\/div>\n\t\t\t\t<\/div>\n\t\t\t\t<div class=\"elementor-element elementor-element-e43956b elementor-widget elementor-widget-text-editor\" data-id=\"e43956b\" data-element_type=\"widget\" data-widget_type=\"text-editor.default\">\n\t\t\t\t<div class=\"elementor-widget-container\">\n\t\t\t\t\t\t\t<p dir=\"ltr\">Em 2000, os dois primeiros trabalhos de gradua\u00e7\u00e3o (TCC \u2013 Trabalho de Conclus\u00e3o de Curso) na \u00e1rea de Engenharias sobre o Domus foram conclu\u00eddos (OLIVEIRA, 2000 e SANTOS 2000). A primeira publica\u00e7\u00e3o de artigo sobre o Domus (MENDES et al., 2001a) foi no congresso Building Simulation da IBPSA (International Building Performance Simulation Association), organizado no Brasil pela primeira vez. Nesse mesmo ano, foi criada a IBPSA-BR (Associa\u00e7\u00e3o Brasileira de Simula\u00e7\u00e3o de Desempenho de Edifica\u00e7\u00f5es). Em 1\/7\/2003, foi encaminhado o pedido de registro de software Domus junto ao Instituto Nacional de Propriedade Intelectual (INPI), como Modelo de Utilidade, recebendo o n\u00famero de registro 05270-5.<\/p>\t\t\t\t\t\t<\/div>\n\t\t\t\t<\/div>\n\t\t\t\t\t<\/div>\n\t\t\t\t<\/div>\n\t\t<div class=\"elementor-element elementor-element-2d11a19 e-flex e-con-boxed e-con e-parent\" data-id=\"2d11a19\" data-element_type=\"container\">\n\t\t\t\t\t<div class=\"e-con-inner\">\n\t\t\t\t<div class=\"elementor-element elementor-element-96ac60d elementor-hidden-desktop elementor-hidden-tablet elementor-hidden-mobile elementor-widget elementor-widget-heading\" data-id=\"96ac60d\" data-element_type=\"widget\" data-widget_type=\"heading.default\">\n\t\t\t\t<div class=\"elementor-widget-container\">\n\t\t\t<h2 class=\"elementor-heading-title elementor-size-default\">FALTA COLOCAR O RESTO DO HIST\u00d3RICO<\/h2>\t\t<\/div>\n\t\t\t\t<\/div>\n\t\t\t\t\t<\/div>\n\t\t\t\t<\/div>\n\t\t\t\t<\/div>","protected":false},"excerpt":{"rendered":"<p>HIST\u00d3RICO Software DOMUS O grande avan\u00e7o na produ\u00e7\u00e3o de software de simula\u00e7\u00e3o energ\u00e9tica de edifica\u00e7\u00f5es na Europa e nos EUA a partir dos 1970s \u2013 influenciado pela abrupta eleva\u00e7\u00e3o dos pre\u00e7os do petr\u00f3leo \u2013, sofreu entraves \u00e0 dissemina\u00e7\u00e3o de seu uso no Brasil. Pode-se citar, entre eles, a escassez de interfaces gr\u00e1ficas de f\u00e1cil utiliza\u00e7\u00e3o&hellip;&nbsp;<a href=\"https:\/\/domus.pucpr.br\/en\/historico\/\" class=\"\" rel=\"bookmark\">Read More &raquo;<span class=\"screen-reader-text\">Hist\u00f3rico<\/span><\/a><\/p>","protected":false},"author":1,"featured_media":0,"parent":0,"menu_order":0,"comment_status":"closed","ping_status":"closed","template":"page-templates\/template-pagebuilder-full-width.php","meta":{"neve_meta_sidebar":"","neve_meta_container":"","neve_meta_enable_content_width":"","neve_meta_content_width":0,"neve_meta_title_alignment":"","neve_meta_author_avatar":"","neve_post_elements_order":"","neve_meta_disable_header":"","neve_meta_disable_footer":"","neve_meta_disable_title":"","_ti_tpc_template_sync":false,"_ti_tpc_template_id":"","footnotes":""},"class_list":["post-243","page","type-page","status-publish","hentry"],"_links":{"self":[{"href":"https:\/\/domus.pucpr.br\/en\/wp-json\/wp\/v2\/pages\/243","targetHints":{"allow":["GET"]}}],"collection":[{"href":"https:\/\/domus.pucpr.br\/en\/wp-json\/wp\/v2\/pages"}],"about":[{"href":"https:\/\/domus.pucpr.br\/en\/wp-json\/wp\/v2\/types\/page"}],"author":[{"embeddable":true,"href":"https:\/\/domus.pucpr.br\/en\/wp-json\/wp\/v2\/users\/1"}],"replies":[{"embeddable":true,"href":"https:\/\/domus.pucpr.br\/en\/wp-json\/wp\/v2\/comments?post=243"}],"version-history":[{"count":0,"href":"https:\/\/domus.pucpr.br\/en\/wp-json\/wp\/v2\/pages\/243\/revisions"}],"wp:attachment":[{"href":"https:\/\/domus.pucpr.br\/en\/wp-json\/wp\/v2\/media?parent=243"}],"curies":[{"name":"wp","href":"https:\/\/api.w.org\/{rel}","templated":true}]}}