{"id":253,"date":"2024-07-10T17:56:04","date_gmt":"2024-07-10T17:56:04","guid":{"rendered":"http:\/\/domus\/?page_id=253"},"modified":"2024-10-17T02:39:37","modified_gmt":"2024-10-17T02:39:37","slug":"estudos-de-caso","status":"publish","type":"page","link":"https:\/\/domus.pucpr.br\/en\/estudos-de-caso\/","title":{"rendered":"Estudos de caso"},"content":{"rendered":"<div data-elementor-type=\"wp-page\" data-elementor-id=\"253\" class=\"elementor elementor-253\" data-elementor-post-type=\"page\">\n\t\t\t\t<div class=\"elementor-element elementor-element-56e361f e-con-full e-flex e-con e-parent\" data-id=\"56e361f\" data-element_type=\"container\">\n\t\t\t\t<div class=\"elementor-element elementor-element-261773d elementor--h-position-center elementor--v-position-middle elementor-arrows-position-inside elementor-pagination-position-inside elementor-widget elementor-widget-slides\" data-id=\"261773d\" data-element_type=\"widget\" data-settings=\"{&quot;navigation&quot;:&quot;both&quot;,&quot;autoplay&quot;:&quot;yes&quot;,&quot;pause_on_hover&quot;:&quot;yes&quot;,&quot;pause_on_interaction&quot;:&quot;yes&quot;,&quot;autoplay_speed&quot;:5000,&quot;infinite&quot;:&quot;yes&quot;,&quot;transition&quot;:&quot;slide&quot;,&quot;transition_speed&quot;:500}\" data-widget_type=\"slides.default\">\n\t\t\t\t<div class=\"elementor-widget-container\">\n\t\t\t\t\t<div class=\"elementor-swiper\">\n\t\t\t<div class=\"elementor-slides-wrapper elementor-main-swiper swiper\" dir=\"ltr\" data-animation=\"fadeInUp\">\n\t\t\t\t<div class=\"swiper-wrapper elementor-slides\">\n\t\t\t\t\t\t\t\t\t\t<div class=\"elementor-repeater-item-0c0c5cf swiper-slide\"><div class=\"swiper-slide-bg\" role=\"img\"><\/div><div class=\"elementor-background-overlay\"><\/div><div class=\"swiper-slide-inner\" ><div class=\"swiper-slide-contents\"><div class=\"elementor-slide-heading\">ESTUDOS DE CASO<\/div><\/div><\/div><\/div>\t\t\t\t<\/div>\n\t\t\t\t\t\t\t<\/div>\n\t\t<\/div>\n\t\t\t\t<\/div>\n\t\t\t\t<\/div>\n\t\t\t\t<\/div>\n\t\t<div class=\"elementor-element elementor-element-9ad8d9c e-flex e-con-boxed e-con e-parent\" data-id=\"9ad8d9c\" data-element_type=\"container\">\n\t\t\t\t\t<div class=\"e-con-inner\">\n\t\t\t\t<div class=\"elementor-element elementor-element-279addc elementor-widget elementor-widget-spacer\" data-id=\"279addc\" data-element_type=\"widget\" data-widget_type=\"spacer.default\">\n\t\t\t\t<div class=\"elementor-widget-container\">\n\t\t\t\t\t<div class=\"elementor-spacer\">\n\t\t\t<div class=\"elementor-spacer-inner\"><\/div>\n\t\t<\/div>\n\t\t\t\t<\/div>\n\t\t\t\t<\/div>\n\t\t\t\t<div class=\"elementor-element elementor-element-9d285ad elementor-widget elementor-widget-text-editor\" data-id=\"9d285ad\" data-element_type=\"widget\" data-widget_type=\"text-editor.default\">\n\t\t\t\t<div class=\"elementor-widget-container\">\n\t\t\t\t\t\t\t<p>O DOMUS \u00e9 um programa desenvolvido pelo Laborat\u00f3rio de Sistemas T\u00e9rmicos da PUCPR para a simula\u00e7\u00e3o higrot\u00e9rmica e energ\u00e9tica de edifica\u00e7\u00f5es, com interface amig\u00e1vel para explorar diversas estrat\u00e9gias de resfriamento passivo, bem como analisar o impacto da umidade na performance dessas constru\u00e7\u00f5es.\u00a0<\/p>\t\t\t\t\t\t<\/div>\n\t\t\t\t<\/div>\n\t\t\t\t<div class=\"elementor-element elementor-element-39cdea9 elementor-widget-divider--view-line_text elementor-widget-divider--element-align-left elementor-widget elementor-widget-divider\" data-id=\"39cdea9\" data-element_type=\"widget\" data-widget_type=\"divider.default\">\n\t\t\t\t<div class=\"elementor-widget-container\">\n\t\t\t\t\t<div class=\"elementor-divider\">\n\t\t\t<span class=\"elementor-divider-separator\">\n\t\t\t\t\t\t\t<span class=\"elementor-divider__text elementor-divider__element\">\n\t\t\t\tSIMULA\u00c7\u00d5ES REALIZADAS NO DOMUS\t\t\t\t<\/span>\n\t\t\t\t\t\t<\/span>\n\t\t<\/div>\n\t\t\t\t<\/div>\n\t\t\t\t<\/div>\n\t\t\t\t<div class=\"elementor-element elementor-element-7620e8e elementor-widget elementor-widget-spacer\" data-id=\"7620e8e\" data-element_type=\"widget\" data-widget_type=\"spacer.default\">\n\t\t\t\t<div class=\"elementor-widget-container\">\n\t\t\t\t\t<div class=\"elementor-spacer\">\n\t\t\t<div class=\"elementor-spacer-inner\"><\/div>\n\t\t<\/div>\n\t\t\t\t<\/div>\n\t\t\t\t<\/div>\n\t\t\t\t<div class=\"elementor-element elementor-element-8f0f7f8 elementor-widget-divider--view-line_text elementor-widget-divider--element-align-center elementor-widget elementor-widget-divider\" data-id=\"8f0f7f8\" data-element_type=\"widget\" data-widget_type=\"divider.default\">\n\t\t\t\t<div class=\"elementor-widget-container\">\n\t\t\t\t\t<div class=\"elementor-divider\">\n\t\t\t<span class=\"elementor-divider-separator\">\n\t\t\t\t\t\t\t<span class=\"elementor-divider__text elementor-divider__element\">\n\t\t\t\tSIMULA\u00c7\u00c3O 01\t\t\t\t<\/span>\n\t\t\t\t\t\t<\/span>\n\t\t<\/div>\n\t\t\t\t<\/div>\n\t\t\t\t<\/div>\n\t\t\t\t\t<\/div>\n\t\t\t\t<\/div>\n\t\t<div class=\"elementor-element elementor-element-112d8f0 e-flex e-con-boxed e-con e-parent\" data-id=\"112d8f0\" data-element_type=\"container\">\n\t\t\t\t\t<div class=\"e-con-inner\">\n\t\t<div class=\"elementor-element elementor-element-ba1ba31 e-con-full e-flex e-con e-child\" data-id=\"ba1ba31\" data-element_type=\"container\">\n\t\t\t\t<div class=\"elementor-element elementor-element-0774175 elementor-widget elementor-widget-image\" data-id=\"0774175\" data-element_type=\"widget\" data-widget_type=\"image.default\">\n\t\t\t\t<div class=\"elementor-widget-container\">\n\t\t\t\t\t\t\t\t\t\t\t\t\t<img fetchpriority=\"high\" decoding=\"async\" width=\"1024\" height=\"518\" src=\"https:\/\/domus.pucpr.br\/wp-content\/uploads\/2024\/10\/ValExterna_EP2_page-0001.jpg\" class=\"attachment-large size-large wp-image-1062\" alt=\"\" \/>\t\t\t\t\t\t\t\t\t\t\t\t\t<\/div>\n\t\t\t\t<\/div>\n\t\t\t\t<\/div>\n\t\t<div class=\"elementor-element elementor-element-4a2809c e-con-full e-flex e-con e-child\" data-id=\"4a2809c\" data-element_type=\"container\" data-settings=\"{&quot;background_background&quot;:&quot;classic&quot;}\">\n\t\t\t\t<div class=\"elementor-element elementor-element-f3ec1b1 elementor-widget elementor-widget-heading\" data-id=\"f3ec1b1\" data-element_type=\"widget\" data-widget_type=\"heading.default\">\n\t\t\t\t<div class=\"elementor-widget-container\">\n\t\t\t<h2 class=\"elementor-heading-title elementor-size-default\">Contagem de pixels<\/h2>\t\t<\/div>\n\t\t\t\t<\/div>\n\t\t\t\t<div class=\"elementor-element elementor-element-40cd55a elementor-widget elementor-widget-text-editor\" data-id=\"40cd55a\" data-element_type=\"widget\" data-widget_type=\"text-editor.default\">\n\t\t\t\t<div class=\"elementor-widget-container\">\n\t\t\t\t\t\t\t<p class=\"zfr3Q CDt4Ke\" dir=\"ltr\"><span class=\"C9DxTc\">Um estudo comparativo entre Domus, EnergyPlus e o plug-in\u00a0<\/span><span class=\"C9DxTc\">Shading n<\/span><span class=\"C9DxTc\">o SketchUp foi realizado, simulando tr\u00eas cen\u00e1rios distintos:<\/span><\/p><ol class=\"n8H08c BKnRcf\"><li class=\"zfr3Q TYR86d lsiHE\" dir=\"ltr\"><p class=\"zfr3Q CDt4Ke\" dir=\"ltr\" role=\"presentation\"><span class=\"C9DxTc\">Sem sombreamento ao redor da casa.<\/span><\/p><\/li><li class=\"zfr3Q TYR86d lsiHE\" dir=\"ltr\"><p class=\"zfr3Q CDt4Ke\" dir=\"ltr\" role=\"presentation\"><span class=\"C9DxTc\">Sombreamento parcial ao redor da casa e dos pr\u00e9dios vizinhos.<\/span><\/p><\/li><li class=\"zfr3Q TYR86d lsiHE\" dir=\"ltr\"><p class=\"zfr3Q CDt4Ke\" dir=\"ltr\" role=\"presentation\"><span class=\"C9DxTc\">Sombreamento completo, incluindo \u00e1rvores.<\/span><\/p><\/li><\/ol><p class=\"zfr3Q CDt4Ke\" dir=\"ltr\"><span class=\"C9DxTc\">As simula\u00e7\u00f5es foram conduzidas ao longo de um ano, com intervalos de 15 minutos, em Curitiba, Brasil.\u00a0<\/span><\/p><p class=\"zfr3Q CDt4Ke\" dir=\"ltr\"><span class=\"C9DxTc\">Tanto Domus quanto Shading conclu\u00edram com sucesso todas as simula\u00e7\u00f5es, enquanto o EnergyPlus enfrentou dificuldades com o terceiro cen\u00e1rio devido a limita\u00e7\u00f5es no modelo de \u00e1rvore.<\/span><\/p><p class=\"zfr3Q CDt4Ke\" dir=\"ltr\"><span class=\"C9DxTc\">Os resultados de custo computacional revelam que o tempo de execu\u00e7\u00e3o aumenta com a complexidade do modelo de sombreamento. Domus se destacou, completando a simula\u00e7\u00e3o mais complexa em menos de uma hora, enquanto o algoritmo PgC do EnergyPlus demandou quase 18 horas para o segundo caso, sem a presen\u00e7a de \u00e1rvores.\u00a0<\/span><\/p>\t\t\t\t\t\t<\/div>\n\t\t\t\t<\/div>\n\t\t\t\t<\/div>\n\t\t\t\t\t<\/div>\n\t\t\t\t<\/div>\n\t\t<div class=\"elementor-element elementor-element-cba0b1c e-flex e-con-boxed e-con e-parent\" data-id=\"cba0b1c\" data-element_type=\"container\">\n\t\t\t\t\t<div class=\"e-con-inner\">\n\t\t\t\t<div class=\"elementor-element elementor-element-4148bfa elementor-widget-divider--view-line elementor-widget elementor-widget-divider\" data-id=\"4148bfa\" data-element_type=\"widget\" data-widget_type=\"divider.default\">\n\t\t\t\t<div class=\"elementor-widget-container\">\n\t\t\t\t\t<div class=\"elementor-divider\">\n\t\t\t<span class=\"elementor-divider-separator\">\n\t\t\t\t\t\t<\/span>\n\t\t<\/div>\n\t\t\t\t<\/div>\n\t\t\t\t<\/div>\n\t\t\t\t<div class=\"elementor-element elementor-element-afcbe2b elementor-widget elementor-widget-spacer\" data-id=\"afcbe2b\" data-element_type=\"widget\" data-widget_type=\"spacer.default\">\n\t\t\t\t<div class=\"elementor-widget-container\">\n\t\t\t\t\t<div class=\"elementor-spacer\">\n\t\t\t<div class=\"elementor-spacer-inner\"><\/div>\n\t\t<\/div>\n\t\t\t\t<\/div>\n\t\t\t\t<\/div>\n\t\t\t\t<div class=\"elementor-element elementor-element-ac69016 elementor-widget-divider--view-line_text elementor-widget-divider--element-align-center elementor-widget elementor-widget-divider\" data-id=\"ac69016\" data-element_type=\"widget\" data-widget_type=\"divider.default\">\n\t\t\t\t<div class=\"elementor-widget-container\">\n\t\t\t\t\t<div class=\"elementor-divider\">\n\t\t\t<span class=\"elementor-divider-separator\">\n\t\t\t\t\t\t\t<span class=\"elementor-divider__text elementor-divider__element\">\n\t\t\t\tSIMULA\u00c7\u00c3O 2\t\t\t\t<\/span>\n\t\t\t\t\t\t<\/span>\n\t\t<\/div>\n\t\t\t\t<\/div>\n\t\t\t\t<\/div>\n\t\t\t\t\t<\/div>\n\t\t\t\t<\/div>\n\t\t<div class=\"elementor-element elementor-element-a341a38 e-flex e-con-boxed e-con e-parent\" data-id=\"a341a38\" data-element_type=\"container\">\n\t\t\t\t\t<div class=\"e-con-inner\">\n\t\t<div class=\"elementor-element elementor-element-1cb3042 e-con-full e-flex e-con e-child\" data-id=\"1cb3042\" data-element_type=\"container\">\n\t\t\t\t<div class=\"elementor-element elementor-element-a92c548 elementor-widget elementor-widget-heading\" data-id=\"a92c548\" data-element_type=\"widget\" data-widget_type=\"heading.default\">\n\t\t\t\t<div class=\"elementor-widget-container\">\n\t\t\t<h2 class=\"elementor-heading-title elementor-size-default\">Otimiza\u00e7\u00e3o de elementos de sombreamento considerando prote\u00e7\u00e3o contra desbotamento<\/h2>\t\t<\/div>\n\t\t\t\t<\/div>\n\t\t\t\t<div class=\"elementor-element elementor-element-2a27493 elementor-widget elementor-widget-text-editor\" data-id=\"2a27493\" data-element_type=\"widget\" data-widget_type=\"text-editor.default\">\n\t\t\t\t<div class=\"elementor-widget-container\">\n\t\t\t\t\t\t\t<p class=\"zfr3Q CDt4Ke\" dir=\"ltr\"><span class=\"C9DxTc\">A abordagem\u00a0<\/span><span class=\"C9DxTc\">de design multicrit\u00e9rio para dispositivos de sombreamento complexos\u00a0<\/span><span class=\"C9DxTc\">se baseia em duas etapas principais: um processo de busca para identificar solu\u00e7\u00f5es n\u00e3o dominadas e um m\u00e9todo de t\u00e9cnica de programa\u00e7\u00e3o f\u00edsica (physical programming),\u00a0 para classificar essas solu\u00e7\u00f5es de acordo com as prefer\u00eancias dos tomadores de decis\u00e3o.\u00a0<\/span><\/p><p class=\"zfr3Q CDt4Ke\" dir=\"ltr\"><span class=\"C9DxTc\">Uma novidade \u00e9 o c\u00e1lculo da fra\u00e7\u00e3o de superf\u00edcie interna ensolarada, feito por contagem de pixels, que se mostrou um algoritmo poderoso e de baixo custo computacional para simular qualquer forma geom\u00e9trica com precis\u00e3o.\u00a0<\/span><\/p><p class=\"zfr3Q CDt4Ke\" dir=\"ltr\"><span class=\"C9DxTc\">Os resultados demonstraram que o m\u00e9todo proposto \u00e9 eficaz na concep\u00e7\u00e3o de dispositivos de sombreamento complexos, reduzindo o consumo de energia e protegendo as superf\u00edcies internas contra o desbotamento.\u00a0<\/span><\/p>\t\t\t\t\t\t<\/div>\n\t\t\t\t<\/div>\n\t\t\t\t<\/div>\n\t\t<div class=\"elementor-element elementor-element-11d7cd5 e-con-full e-flex e-con e-child\" data-id=\"11d7cd5\" data-element_type=\"container\">\n\t\t\t\t<div class=\"elementor-element elementor-element-20ba434 elementor-widget elementor-widget-image\" data-id=\"20ba434\" data-element_type=\"widget\" data-widget_type=\"image.default\">\n\t\t\t\t<div class=\"elementor-widget-container\">\n\t\t\t\t\t\t\t\t\t\t\t\t\t<img decoding=\"async\" width=\"1024\" height=\"727\" src=\"https:\/\/domus.pucpr.br\/wp-content\/uploads\/2024\/10\/geometry4_page-0001-1.jpg\" class=\"attachment-large size-large wp-image-1006\" alt=\"\" \/>\t\t\t\t\t\t\t\t\t\t\t\t\t<\/div>\n\t\t\t\t<\/div>\n\t\t\t\t<\/div>\n\t\t\t\t\t<\/div>\n\t\t\t\t<\/div>\n\t\t<div class=\"elementor-element elementor-element-d7b61f6 e-flex e-con-boxed e-con e-parent\" data-id=\"d7b61f6\" data-element_type=\"container\">\n\t\t\t\t\t<div class=\"e-con-inner\">\n\t\t\t\t<div class=\"elementor-element elementor-element-20fdf55 elementor-widget-divider--view-line elementor-widget elementor-widget-divider\" data-id=\"20fdf55\" data-element_type=\"widget\" data-widget_type=\"divider.default\">\n\t\t\t\t<div class=\"elementor-widget-container\">\n\t\t\t\t\t<div class=\"elementor-divider\">\n\t\t\t<span class=\"elementor-divider-separator\">\n\t\t\t\t\t\t<\/span>\n\t\t<\/div>\n\t\t\t\t<\/div>\n\t\t\t\t<\/div>\n\t\t\t\t\t<\/div>\n\t\t\t\t<\/div>\n\t\t<div class=\"elementor-element elementor-element-02706b1 e-flex e-con-boxed e-con e-parent\" data-id=\"02706b1\" data-element_type=\"container\">\n\t\t\t\t\t<div class=\"e-con-inner\">\n\t\t\t\t<div class=\"elementor-element elementor-element-b941e1a elementor-widget elementor-widget-spacer\" data-id=\"b941e1a\" data-element_type=\"widget\" data-widget_type=\"spacer.default\">\n\t\t\t\t<div class=\"elementor-widget-container\">\n\t\t\t\t\t<div class=\"elementor-spacer\">\n\t\t\t<div class=\"elementor-spacer-inner\"><\/div>\n\t\t<\/div>\n\t\t\t\t<\/div>\n\t\t\t\t<\/div>\n\t\t\t\t<div class=\"elementor-element elementor-element-554b2dd elementor-widget-divider--view-line_text elementor-widget-divider--element-align-right elementor-widget elementor-widget-divider\" data-id=\"554b2dd\" data-element_type=\"widget\" data-widget_type=\"divider.default\">\n\t\t\t\t<div class=\"elementor-widget-container\">\n\t\t\t\t\t<div class=\"elementor-divider\">\n\t\t\t<span class=\"elementor-divider-separator\">\n\t\t\t\t\t\t\t<span class=\"elementor-divider__text elementor-divider__element\">\n\t\t\t\tVISUALIZA\u00c7\u00c3O DOS RESULTADOS PRINCIPAIS\t\t\t\t<\/span>\n\t\t\t\t\t\t<\/span>\n\t\t<\/div>\n\t\t\t\t<\/div>\n\t\t\t\t<\/div>\n\t\t\t\t\t<\/div>\n\t\t\t\t<\/div>\n\t\t<div class=\"elementor-element elementor-element-c165ae2 e-flex e-con-boxed e-con e-parent\" data-id=\"c165ae2\" data-element_type=\"container\">\n\t\t\t\t\t<div class=\"e-con-inner\">\n\t\t<div class=\"elementor-element elementor-element-7347e84 e-con-full e-flex e-con e-child\" data-id=\"7347e84\" data-element_type=\"container\">\n\t\t\t\t<div class=\"elementor-element elementor-element-3a4ba22 elementor-position-top elementor-widget elementor-widget-image-box\" data-id=\"3a4ba22\" data-element_type=\"widget\" data-widget_type=\"image-box.default\">\n\t\t\t\t<div class=\"elementor-widget-container\">\n\t\t\t<div class=\"elementor-image-box-wrapper\"><figure class=\"elementor-image-box-img\"><img decoding=\"async\" width=\"539\" height=\"380\" src=\"https:\/\/domus.pucpr.br\/wp-content\/uploads\/2024\/10\/ATS-1.jpg\" class=\"attachment-full size-full wp-image-1001\" alt=\"\" \/><\/figure><div class=\"elementor-image-box-content\"><h3 class=\"elementor-image-box-title\">Temperatura e umidade<\/h3><\/div><\/div>\t\t<\/div>\n\t\t\t\t<\/div>\n\t\t\t\t<\/div>\n\t\t<div class=\"elementor-element elementor-element-4fca212 e-con-full e-flex e-con e-child\" data-id=\"4fca212\" data-element_type=\"container\">\n\t\t\t\t<div class=\"elementor-element elementor-element-bff98c3 elementor-position-top elementor-widget elementor-widget-image-box\" data-id=\"bff98c3\" data-element_type=\"widget\" data-widget_type=\"image-box.default\">\n\t\t\t\t<div class=\"elementor-widget-container\">\n\t\t\t<div class=\"elementor-image-box-wrapper\"><figure class=\"elementor-image-box-img\"><img loading=\"lazy\" decoding=\"async\" width=\"533\" height=\"380\" src=\"https:\/\/domus.pucpr.br\/wp-content\/uploads\/2024\/10\/PMVPPD-1.jpg\" class=\"attachment-full size-full wp-image-1008\" alt=\"\" \/><\/figure><div class=\"elementor-image-box-content\"><h3 class=\"elementor-image-box-title\">TEMPERATURA OPERATIVA<\/h3><\/div><\/div>\t\t<\/div>\n\t\t\t\t<\/div>\n\t\t\t\t<\/div>\n\t\t<div class=\"elementor-element elementor-element-219ad00 e-con-full e-flex e-con e-child\" data-id=\"219ad00\" data-element_type=\"container\">\n\t\t\t\t<div class=\"elementor-element elementor-element-2dcbded elementor-position-top elementor-widget elementor-widget-image-box\" data-id=\"2dcbded\" data-element_type=\"widget\" data-widget_type=\"image-box.default\">\n\t\t\t\t<div class=\"elementor-widget-container\">\n\t\t\t<div class=\"elementor-image-box-wrapper\"><figure class=\"elementor-image-box-img\"><img loading=\"lazy\" decoding=\"async\" width=\"577\" height=\"398\" src=\"https:\/\/domus.pucpr.br\/wp-content\/uploads\/2024\/10\/QAI-1.jpg\" class=\"attachment-full size-full wp-image-1009\" alt=\"\" \/><\/figure><div class=\"elementor-image-box-content\"><h3 class=\"elementor-image-box-title\">QUALIDADE DO AR<\/h3><\/div><\/div>\t\t<\/div>\n\t\t\t\t<\/div>\n\t\t\t\t<\/div>\n\t\t\t\t\t<\/div>\n\t\t\t\t<\/div>\n\t\t<div class=\"elementor-element elementor-element-c06fbbe e-flex e-con-boxed e-con e-parent\" data-id=\"c06fbbe\" data-element_type=\"container\">\n\t\t\t\t\t<div class=\"e-con-inner\">\n\t\t<div class=\"elementor-element elementor-element-dfdc026 e-con-full e-flex e-con e-child\" data-id=\"dfdc026\" data-element_type=\"container\">\n\t\t\t\t<div class=\"elementor-element elementor-element-a584f97 elementor-position-top elementor-widget elementor-widget-image-box\" data-id=\"a584f97\" data-element_type=\"widget\" data-widget_type=\"image-box.default\">\n\t\t\t\t<div class=\"elementor-widget-container\">\n\t\t\t<div class=\"elementor-image-box-wrapper\"><figure class=\"elementor-image-box-img\"><img loading=\"lazy\" decoding=\"async\" width=\"518\" height=\"427\" src=\"https:\/\/domus.pucpr.br\/wp-content\/uploads\/2024\/10\/Radiacoes-1.jpg\" class=\"attachment-full size-full wp-image-1010\" alt=\"\" \/><\/figure><div class=\"elementor-image-box-content\"><h3 class=\"elementor-image-box-title\">RADIA\u00c7\u00d5ES DIRETA E DIFUSA<\/h3><\/div><\/div>\t\t<\/div>\n\t\t\t\t<\/div>\n\t\t\t\t<\/div>\n\t\t<div class=\"elementor-element elementor-element-8e000c4 e-con-full e-flex e-con e-child\" data-id=\"8e000c4\" data-element_type=\"container\">\n\t\t\t\t<div class=\"elementor-element elementor-element-0099b71 elementor-position-top elementor-widget elementor-widget-image-box\" data-id=\"0099b71\" data-element_type=\"widget\" data-widget_type=\"image-box.default\">\n\t\t\t\t<div class=\"elementor-widget-container\">\n\t\t\t<div class=\"elementor-image-box-wrapper\"><figure class=\"elementor-image-box-img\"><img loading=\"lazy\" decoding=\"async\" width=\"547\" height=\"412\" src=\"https:\/\/domus.pucpr.br\/wp-content\/uploads\/2024\/10\/2024-06-10_18-45-15-1.jpg\" class=\"attachment-full size-full wp-image-1000\" alt=\"\" \/><\/figure><div class=\"elementor-image-box-content\"><h3 class=\"elementor-image-box-title\">FLUXOS DE CALOR E VAPOR<\/h3><\/div><\/div>\t\t<\/div>\n\t\t\t\t<\/div>\n\t\t\t\t<\/div>\n\t\t<div class=\"elementor-element elementor-element-122f873 e-con-full e-flex e-con e-child\" data-id=\"122f873\" data-element_type=\"container\">\n\t\t\t\t<div class=\"elementor-element elementor-element-70e772c elementor-position-top elementor-widget elementor-widget-image-box\" data-id=\"70e772c\" data-element_type=\"widget\" data-widget_type=\"image-box.default\">\n\t\t\t\t<div class=\"elementor-widget-container\">\n\t\t\t<div class=\"elementor-image-box-wrapper\"><figure class=\"elementor-image-box-img\"><img loading=\"lazy\" decoding=\"async\" width=\"754\" height=\"596\" src=\"https:\/\/domus.pucpr.br\/wp-content\/uploads\/2024\/10\/foto-1.jpg\" class=\"attachment-full size-full wp-image-1004\" alt=\"\" \/><\/figure><div class=\"elementor-image-box-content\"><h3 class=\"elementor-image-box-title\">ENERGIA FOTOVOLTAICA<\/h3><\/div><\/div>\t\t<\/div>\n\t\t\t\t<\/div>\n\t\t\t\t<\/div>\n\t\t\t\t\t<\/div>\n\t\t\t\t<\/div>\n\t\t<div class=\"elementor-element elementor-element-3c555ae e-flex e-con-boxed e-con e-parent\" data-id=\"3c555ae\" data-element_type=\"container\">\n\t\t\t\t\t<div class=\"e-con-inner\">\n\t\t\t\t<div class=\"elementor-element elementor-element-68b1cd2 elementor-widget elementor-widget-spacer\" data-id=\"68b1cd2\" data-element_type=\"widget\" data-widget_type=\"spacer.default\">\n\t\t\t\t<div class=\"elementor-widget-container\">\n\t\t\t\t\t<div class=\"elementor-spacer\">\n\t\t\t<div class=\"elementor-spacer-inner\"><\/div>\n\t\t<\/div>\n\t\t\t\t<\/div>\n\t\t\t\t<\/div>\n\t\t\t\t\t<\/div>\n\t\t\t\t<\/div>\n\t\t<div class=\"elementor-element elementor-element-9890958 e-flex e-con-boxed e-con e-parent\" data-id=\"9890958\" data-element_type=\"container\">\n\t\t\t\t\t<div class=\"e-con-inner\">\n\t\t\t\t<div class=\"elementor-element elementor-element-5d99695 elementor-widget-divider--view-line elementor-widget elementor-widget-divider\" data-id=\"5d99695\" data-element_type=\"widget\" data-widget_type=\"divider.default\">\n\t\t\t\t<div class=\"elementor-widget-container\">\n\t\t\t\t\t<div class=\"elementor-divider\">\n\t\t\t<span class=\"elementor-divider-separator\">\n\t\t\t\t\t\t<\/span>\n\t\t<\/div>\n\t\t\t\t<\/div>\n\t\t\t\t<\/div>\n\t\t\t\t\t<\/div>\n\t\t\t\t<\/div>\n\t\t\t\t<\/div>","protected":false},"excerpt":{"rendered":"<p>ESTUDOS DE CASO O DOMUS \u00e9 um programa desenvolvido pelo Laborat\u00f3rio de Sistemas T\u00e9rmicos da PUCPR para a simula\u00e7\u00e3o higrot\u00e9rmica e energ\u00e9tica de edifica\u00e7\u00f5es, com interface amig\u00e1vel para explorar diversas estrat\u00e9gias de resfriamento passivo, bem como analisar o impacto da umidade na performance dessas constru\u00e7\u00f5es.\u00a0 SIMULA\u00c7\u00d5ES REALIZADAS NO DOMUS SIMULA\u00c7\u00c3O 01 Contagem de pixels Um&hellip;&nbsp;<a href=\"https:\/\/domus.pucpr.br\/en\/estudos-de-caso\/\" class=\"\" rel=\"bookmark\">Read More &raquo;<span class=\"screen-reader-text\">Estudos de caso<\/span><\/a><\/p>","protected":false},"author":1,"featured_media":0,"parent":0,"menu_order":0,"comment_status":"closed","ping_status":"closed","template":"page-templates\/template-pagebuilder-full-width.php","meta":{"neve_meta_sidebar":"","neve_meta_container":"","neve_meta_enable_content_width":"","neve_meta_content_width":0,"neve_meta_title_alignment":"","neve_meta_author_avatar":"","neve_post_elements_order":"","neve_meta_disable_header":"","neve_meta_disable_footer":"","neve_meta_disable_title":"","_ti_tpc_template_sync":false,"_ti_tpc_template_id":"","footnotes":""},"class_list":["post-253","page","type-page","status-publish","hentry"],"_links":{"self":[{"href":"https:\/\/domus.pucpr.br\/en\/wp-json\/wp\/v2\/pages\/253","targetHints":{"allow":["GET"]}}],"collection":[{"href":"https:\/\/domus.pucpr.br\/en\/wp-json\/wp\/v2\/pages"}],"about":[{"href":"https:\/\/domus.pucpr.br\/en\/wp-json\/wp\/v2\/types\/page"}],"author":[{"embeddable":true,"href":"https:\/\/domus.pucpr.br\/en\/wp-json\/wp\/v2\/users\/1"}],"replies":[{"embeddable":true,"href":"https:\/\/domus.pucpr.br\/en\/wp-json\/wp\/v2\/comments?post=253"}],"version-history":[{"count":0,"href":"https:\/\/domus.pucpr.br\/en\/wp-json\/wp\/v2\/pages\/253\/revisions"}],"wp:attachment":[{"href":"https:\/\/domus.pucpr.br\/en\/wp-json\/wp\/v2\/media?parent=253"}],"curies":[{"name":"wp","href":"https:\/\/api.w.org\/{rel}","templated":true}]}}